{"id":9,"date":"2008-01-21T22:49:04","date_gmt":"2008-01-21T21:49:04","guid":{"rendered":"http:\/\/www.moto-evasion.org\/wordpress\/?page_id=9"},"modified":"2020-01-26T13:43:11","modified_gmt":"2020-01-26T12:43:11","slug":"a-propos-2","status":"publish","type":"page","link":"https:\/\/moto-evasion.org\/wordpress\/?page_id=9","title":{"rendered":"l&rsquo;Association Moto Evasion"},"content":{"rendered":"<p align=\"center\"><strong>Une association cultivant le bon esprit motard<\/strong><\/p>\n<p>L&rsquo;A.M.E est une association de motards qui partagent les m\u00eames valeurs, c&rsquo;est \u00e0 dire avant tout le plaisir de faire de la moto entre copains en s\u00e9curit\u00e9, de parler de tout et de rien, de s&rsquo;entraider et de laisser derri\u00e8re nous les soucis. Il y a une forte tendance \u00e0 l&rsquo;auto-d\u00e9rision et \u00e0 la mise en boite, qui sont un peu l&rsquo;ADN de l&rsquo;association. Une bonne dose d&rsquo;humour et \u00e0 appr\u00e9cier le second degr\u00e9 est recommand\u00e9e.<\/p>\n<p>Nous visitons en groupe notre r\u00e9gion et au-del\u00e0, une fois par mois.<\/p>\n<p>Le si\u00e8ge de l&rsquo;association se situe \u00e0 Noyal-Chatillon sur Seiche (35230). C&rsquo;est \u00e0 5km au sud de Rennes (35000). Nous accueillons des motards de toute l&rsquo;Ille et Vilaine (et m\u00eame plus loin, s&rsquo;ils le veulent).<\/p>\n<p>Elle est n\u00e9e en 1998, de l&rsquo;id\u00e9e de <a href=\"http:\/\/wwwame.free.fr\/perso.orange.fr\/jacky.huon\/eric\/index.html\" target=\"_blank\" rel=\"noopener\">Eric Delano\u00e9<\/a>, qui lui a donn\u00e9 son \u00e2me, son style, et dont le sourire et le cot\u00e9 toujours cool nous manque.<\/p>\n<p><a href=\"https:\/\/i0.wp.com\/www.moto-evasion.org\/wordpress\/wp-content\/2008\/01\/eric1.jpg\"><img data-recalc-dims=\"1\" loading=\"lazy\" decoding=\"async\" class=\"alignnone size-thumbnail wp-image-2323\" title=\"eric1\" src=\"https:\/\/i0.wp.com\/www.moto-evasion.org\/wordpress\/wp-content\/2008\/01\/eric1-150x150.jpg?resize=150%2C150\" alt=\"\" width=\"150\" height=\"150\" \/><\/a> <a href=\"https:\/\/i0.wp.com\/www.moto-evasion.org\/wordpress\/wp-content\/2008\/01\/eric2.jpg\"><img data-recalc-dims=\"1\" loading=\"lazy\" decoding=\"async\" class=\"alignnone size-thumbnail wp-image-2324\" title=\"eric2\" src=\"https:\/\/i0.wp.com\/www.moto-evasion.org\/wordpress\/wp-content\/2008\/01\/eric2-150x150.jpg?resize=150%2C150\" alt=\"\" width=\"150\" height=\"150\" \/> <\/a><a href=\"https:\/\/i0.wp.com\/www.moto-evasion.org\/wordpress\/wp-content\/2008\/01\/eric4.jpg\"><img data-recalc-dims=\"1\" loading=\"lazy\" decoding=\"async\" class=\"alignnone size-thumbnail wp-image-2325\" title=\"eric4\" src=\"https:\/\/i0.wp.com\/www.moto-evasion.org\/wordpress\/wp-content\/2008\/01\/eric4-150x150.jpg?resize=150%2C150\" alt=\"\" width=\"150\" height=\"150\" \/><\/a> <a href=\"https:\/\/i0.wp.com\/www.moto-evasion.org\/wordpress\/wp-content\/2008\/01\/eric10.jpg\"><img data-recalc-dims=\"1\" loading=\"lazy\" decoding=\"async\" class=\"alignnone size-thumbnail wp-image-2326\" title=\"eric10\" src=\"https:\/\/i0.wp.com\/www.moto-evasion.org\/wordpress\/wp-content\/2008\/01\/eric10-150x150.jpg?resize=150%2C150\" alt=\"\" width=\"150\" height=\"150\" \/><\/a> <a href=\"https:\/\/i0.wp.com\/www.moto-evasion.org\/wordpress\/wp-content\/2008\/01\/eric12.jpg\"><img data-recalc-dims=\"1\" loading=\"lazy\" decoding=\"async\" class=\"alignnone size-thumbnail wp-image-2327\" title=\"eric12\" src=\"https:\/\/i0.wp.com\/www.moto-evasion.org\/wordpress\/wp-content\/2008\/01\/eric12-150x150.jpg?resize=150%2C150\" alt=\"\" width=\"150\" height=\"150\" \/><\/a> <a href=\"https:\/\/i0.wp.com\/www.moto-evasion.org\/wordpress\/wp-content\/2008\/01\/eric16.jpg\"><img data-recalc-dims=\"1\" loading=\"lazy\" decoding=\"async\" class=\"alignnone size-thumbnail wp-image-2328\" title=\"eric16\" src=\"https:\/\/i0.wp.com\/www.moto-evasion.org\/wordpress\/wp-content\/2008\/01\/eric16-150x150.jpg?resize=150%2C150\" alt=\"\" width=\"150\" height=\"150\" \/><\/a><\/p>\n<p>Ci dessous, le logo qu&rsquo;il avait donn\u00e9 \u00e0 l&rsquo;AME<\/p>\n<p><a href=\"https:\/\/i0.wp.com\/www.moto-evasion.org\/wordpress\/wp-content\/2008\/01\/LOGO-ame-80mm.png\"><img data-recalc-dims=\"1\" loading=\"lazy\" decoding=\"async\" class=\"aligncenter size-thumbnail wp-image-2329\" title=\"LOGO-ame-80mm\" src=\"https:\/\/i0.wp.com\/www.moto-evasion.org\/wordpress\/wp-content\/2008\/01\/LOGO-ame-80mm-150x150.png?resize=150%2C150\" alt=\"\" width=\"150\" height=\"150\" \/>Les pr\u00e9sidents de l&rsquo;AME<\/a><\/p>\n<p>Eric Delanoe -1998 &#8211; 2001<\/p>\n<p>Jacky Huon &#8211; 2002 &#8211; 2006<\/p>\n<p>Pierre-Antoine Angelini &#8211; 2007 &#8211; 2019<\/p>\n<p>Adrien Bard &#8211; 2020 &#8211; &#8230;.<\/p>\n<p style=\"text-align: center;\">\n","protected":false},"excerpt":{"rendered":"<p>Une association cultivant le bon esprit motard L&rsquo;A.M.E est une association de motards qui partagent les m\u00eames valeurs, c&rsquo;est \u00e0 dire avant tout le plaisir de faire de la moto entre copains en s\u00e9curit\u00e9, de parler de tout et de <a class=\"more-link\" href=\"https:\/\/moto-evasion.org\/wordpress\/?page_id=9\">et plus &#8230; si \u00e7a vous int\u00e9resse<\/a><\/p>\n","protected":false},"author":3,"featured_media":6271,"parent":0,"menu_order":0,"comment_status":"closed","ping_status":"closed","template":"","meta":{"footnotes":""},"class_list":["post-9","page","type-page","status-publish","has-post-thumbnail","hentry"],"jetpack_sharing_enabled":true,"_links":{"self":[{"href":"https:\/\/moto-evasion.org\/wordpress\/index.php?rest_route=\/wp\/v2\/pages\/9","targetHints":{"allow":["GET"]}}],"collection":[{"href":"https:\/\/moto-evasion.org\/wordpress\/index.php?rest_route=\/wp\/v2\/pages"}],"about":[{"href":"https:\/\/moto-evasion.org\/wordpress\/index.php?rest_route=\/wp\/v2\/types\/page"}],"author":[{"embeddable":true,"href":"https:\/\/moto-evasion.org\/wordpress\/index.php?rest_route=\/wp\/v2\/users\/3"}],"replies":[{"embeddable":true,"href":"https:\/\/moto-evasion.org\/wordpress\/index.php?rest_route=%2Fwp%2Fv2%2Fcomments&post=9"}],"version-history":[{"count":6,"href":"https:\/\/moto-evasion.org\/wordpress\/index.php?rest_route=\/wp\/v2\/pages\/9\/revisions"}],"predecessor-version":[{"id":8003,"href":"https:\/\/moto-evasion.org\/wordpress\/index.php?rest_route=\/wp\/v2\/pages\/9\/revisions\/8003"}],"wp:featuredmedia":[{"embeddable":true,"href":"https:\/\/moto-evasion.org\/wordpress\/index.php?rest_route=\/wp\/v2\/media\/6271"}],"wp:attachment":[{"href":"https:\/\/moto-evasion.org\/wordpress\/index.php?rest_route=%2Fwp%2Fv2%2Fmedia&parent=9"}],"curies":[{"name":"wp","href":"https:\/\/api.w.org\/{rel}","templated":true}]}}