{"id":15,"date":"2008-01-23T00:01:35","date_gmt":"2008-01-22T23:01:35","guid":{"rendered":"http:\/\/localhost\/wordpress\/?page_id=9"},"modified":"2022-01-21T17:19:16","modified_gmt":"2022-01-21T16:19:16","slug":"contacter-lame","status":"publish","type":"page","link":"https:\/\/moto-evasion.org\/wordpress\/?page_id=15","title":{"rendered":"Ze bureau AME &#8211; Contacts"},"content":{"rendered":"<p>Le bureau \u00e9lu en 2022 se compose de :<\/p>\n<p>Patrick Pelletier : Secr\u00e9taire<\/p>\n<p>Patrick Kaeding : Tr\u00e9sor, yeah !<\/p>\n<p>Adrien Bard : Pr\u00e9sident<\/p>\n<p>Pierre-Antoine Angelini : Webmaster<\/p>\n<p>Le si\u00e8ge social de l&rsquo;AME est au 46 rue du gu\u00e9, Noyal Chatillon sur seiche, 5km au sud de Rennes.<\/p>\n<p>Vous pouvez nous contacter par email \u00e0 l&rsquo;adresse :<\/p>\n<p><a href=\"https:\/\/i0.wp.com\/www.moto-evasion.org\/wordpress\/wp-content\/2008\/01\/amebureau.jpg\"><img data-recalc-dims=\"1\" loading=\"lazy\" decoding=\"async\" class=\"alignnone size-full wp-image-2411\" title=\"amebureau\" src=\"https:\/\/i0.wp.com\/www.moto-evasion.org\/wordpress\/wp-content\/2008\/01\/amebureau.jpg?resize=236%2C23\" alt=\"\" width=\"236\" height=\"23\" \/><\/a><\/p>\n<p><strong>Droit \u00e0 l&rsquo;image : <\/strong><\/p>\n<p>Si, malgr\u00e9 tous nos efforts pour respecter la l\u00e9gislation en vigueur, notre site contient une image ou une information que vous souhaitez voir modifi\u00e9e ou supprim\u00e9e, prenez contact avec le bureau via l&rsquo;adresse ci-dessus. Nous vous r\u00e9pondrons au plus vite.<\/p>\n<p><strong>Zone r\u00e9serv\u00e9e \u00e0 l&rsquo;administration de l&rsquo;association :<\/strong><\/p>\n<p><a href=\"http:\/\/www.moto-evasion.org.preview04.oxito.com\/wordpress\/?page_id=1807\" target=\"_blank\" rel=\"noopener\">Comptes<\/a><\/p>\n<p><a href=\"http:\/\/www.moto-evasion.org.preview04.oxito.com\/wordpress\/?page_id=1786\" target=\"_blank\" rel=\"noopener\">Gestion<\/a><\/p>\n","protected":false},"excerpt":{"rendered":"<p>Le bureau \u00e9lu en 2022 se compose de : Patrick Pelletier : Secr\u00e9taire Patrick Kaeding : Tr\u00e9sor, yeah ! Adrien Bard : Pr\u00e9sident Pierre-Antoine Angelini : Webmaster Le si\u00e8ge social de l&rsquo;AME est au 46 rue du gu\u00e9, Noyal Chatillon <a class=\"more-link\" href=\"https:\/\/moto-evasion.org\/wordpress\/?page_id=15\">et plus &#8230; si \u00e7a vous int\u00e9resse<\/a><\/p>\n","protected":false},"author":3,"featured_media":0,"parent":0,"menu_order":6,"comment_status":"closed","ping_status":"closed","template":"","meta":{"footnotes":""},"class_list":["post-15","page","type-page","status-publish","hentry"],"jetpack_sharing_enabled":true,"_links":{"self":[{"href":"https:\/\/moto-evasion.org\/wordpress\/index.php?rest_route=\/wp\/v2\/pages\/15","targetHints":{"allow":["GET"]}}],"collection":[{"href":"https:\/\/moto-evasion.org\/wordpress\/index.php?rest_route=\/wp\/v2\/pages"}],"about":[{"href":"https:\/\/moto-evasion.org\/wordpress\/index.php?rest_route=\/wp\/v2\/types\/page"}],"author":[{"embeddable":true,"href":"https:\/\/moto-evasion.org\/wordpress\/index.php?rest_route=\/wp\/v2\/users\/3"}],"replies":[{"embeddable":true,"href":"https:\/\/moto-evasion.org\/wordpress\/index.php?rest_route=%2Fwp%2Fv2%2Fcomments&post=15"}],"version-history":[{"count":5,"href":"https:\/\/moto-evasion.org\/wordpress\/index.php?rest_route=\/wp\/v2\/pages\/15\/revisions"}],"predecessor-version":[{"id":8540,"href":"https:\/\/moto-evasion.org\/wordpress\/index.php?rest_route=\/wp\/v2\/pages\/15\/revisions\/8540"}],"wp:attachment":[{"href":"https:\/\/moto-evasion.org\/wordpress\/index.php?rest_route=%2Fwp%2Fv2%2Fmedia&parent=15"}],"curies":[{"name":"wp","href":"https:\/\/api.w.org\/{rel}","templated":true}]}}